{"id":905,"date":"2023-11-13T16:08:58","date_gmt":"2023-11-13T16:08:58","guid":{"rendered":"https:\/\/14kat.com\/?page_id=905"},"modified":"2023-11-14T17:42:10","modified_gmt":"2023-11-14T17:42:10","slug":"blog","status":"publish","type":"page","link":"https:\/\/14kat.com\/index.php\/blog\/","title":{"rendered":"Blog"},"content":{"rendered":"\t\t<div data-elementor-type=\"wp-page\" data-elementor-id=\"905\" class=\"elementor elementor-905\">\n\t\t\t\t<div class=\"elementor-element elementor-element-d8f41a0 e-flex e-con-boxed parallax_section_no qode_elementor_container_no e-con e-parent\" data-id=\"d8f41a0\" data-element_type=\"container\">\n\t\t\t\t\t<div class=\"e-con-inner\">\n\t\t\t\t<div class=\"elementor-element elementor-element-bde26d5 elementor-widget elementor-widget-qi_addons_for_elementor_blog_list\" data-id=\"bde26d5\" data-element_type=\"widget\" data-widget_type=\"qi_addons_for_elementor_blog_list.default\">\n\t\t\t\t<div class=\"elementor-widget-container\">\n\t\t\t\t\t<div class=\"qodef-shortcode qodef-m qodef-addons-blog-list qodef-info-no-icons qodef-image--hover-zoom qodef-qi-grid qodef-layout--qi-masonry qodef-col-num--3 qodef-item-layout--boxed qodef-responsive--predefined\" >\n\t<div class=\"qodef-grid-inner\">\n\t\t\t<div class=\"qodef-qi-grid-masonry-sizer\"><\/div>\n<article class=\"qodef-e qodef-blog-item qodef-grid-item post-910 post type-post status-publish format-standard has-post-thumbnail hentry category-blog\">\n\t<div class=\"qodef-e-inner\">\n\t\t<div class=\"qodef-e-media-holder\">\n\t\t\t<div class=\"qodef-e-media\">\n\t\t<div class=\"qodef-e-media-image\">\n\t\t<a itemprop=\"url\" href=\"https:\/\/14kat.com\/index.php\/2023\/11\/13\/top-13-trendova-na-drustvenim-mrezama-u-2024-koje-trebate-znati\/\">\n\t\t\t<img fetchpriority=\"high\" decoding=\"async\" width=\"1920\" height=\"1080\" src=\"https:\/\/14kat.com\/wp-content\/uploads\/2023\/11\/pexels-pixabay-533446.jpg\" class=\"attachment- size-\" alt=\"\" \/>\t\t<\/a>\n\t\t\t<\/div>\n<\/div>\n<div itemprop=\"dateCreated\" class=\"qodef-e-info-item qodef-e-info-date entry-date \">\n\t<a itemprop=\"url\" href=\"https:\/\/14kat.com\/index.php\/2023\/11\/\">\n\t\t13 Nov\t<\/a>\n<\/div>\n\t\t<\/div>\n\t\t<div class=\"qodef-e-content\">\n\t\t\t\t\t\t\t<div class=\"qodef-e-info qodef-info--top\">\n\t\t\t\t\t<div class=\"qodef-e-info-item qodef-e-info-category\">\n\t\t<a href=\"https:\/\/14kat.com\/index.php\/category\/blog\/\" rel=\"category tag\">Blog<\/a><\/div>\n<div class=\"qodef-e-info-item qodef-e-info-author\">\n\t<a itemprop=\"author\" class=\"qodef-e-info-author-link\" href=\"https:\/\/14kat.com\/index.php\/author\/14kat-com\/\">\n\t\t\t\t14kat.com\t<\/a>\n<\/div>\n\t\t\t\t<\/div>\n\t\t\t\t\t\t<div class=\"qodef-e-text\">\n\t\t\t\t<h4 itemprop=\"name\" class=\"qodef-e-title entry-title\">\n\t<a itemprop=\"url\" class=\"qodef-e-title-link\" href=\"https:\/\/14kat.com\/index.php\/2023\/11\/13\/top-13-trendova-na-drustvenim-mrezama-u-2024-koje-trebate-znati\/\">\n\t\tTop 12 trendova na dru\u0161tvenim mre\u017eama u 2024. koje trebate znati\t<\/a>\n<\/h4>\n\t\t\t<\/div>\n\t\t\t\t\t\t\t<div class=\"qodef-e-info qodef-info--bottom\">\n\t\t\t\t\t\t<div class=\"qodef-e-read-more\">\n\t\t<a class=\"qodef-shortcode qodef-m qodef-qi-button qodef-html--link qodef-layout--filled qodef-type--standard qodef-icon--right qodef-hover--icon-move-horizontal-short\" href=\"https:\/\/14kat.com\/index.php\/2023\/11\/13\/top-13-trendova-na-drustvenim-mrezama-u-2024-koje-trebate-znati\/\" target=\"_self\">\t<span class=\"qodef-m-text\">Pro\u010ditaj vi\u0161e<\/span>\t<\/a>\t<\/div>\n\t\t\t\t<\/div>\n\t\t\t\t\t<\/div>\n\t<\/div>\n<\/article>\n\t<\/div>\n\t<\/div>\n\t\t\t\t<\/div>\n\t\t\t\t<\/div>\n\t\t\t\t\t<\/div>\n\t\t\t\t<\/div>\n\t\t\t\t<\/div>\n\t\t","protected":false},"excerpt":{"rendered":"<p>13 Nov Blog 14kat.com Top 13 trendova na dru\u0161tvenim mre\u017eama u 2024. koje trebate znati Pro\u010ditaj vi\u0161e<\/p>\n","protected":false},"author":1,"featured_media":0,"parent":0,"menu_order":0,"comment_status":"closed","ping_status":"closed","template":"","meta":{"footnotes":""},"class_list":["post-905","page","type-page","status-publish","hentry"],"yoast_head":"<!-- This site is optimized with the Yoast SEO plugin v25.4 - https:\/\/yoast.com\/wordpress\/plugins\/seo\/ -->\n<title>Blog - 14kat<\/title>\n<meta name=\"robots\" content=\"index, follow, max-snippet:-1, max-image-preview:large, max-video-preview:-1\" \/>\n<link rel=\"canonical\" href=\"https:\/\/14kat.com\/index.php\/blog\/\" \/>\n<meta property=\"og:locale\" content=\"en_US\" \/>\n<meta property=\"og:type\" content=\"article\" \/>\n<meta property=\"og:title\" content=\"Blog - 14kat\" \/>\n<meta property=\"og:description\" content=\"13 Nov Blog 14kat.com Top 13 trendova na dru\u0161tvenim mre\u017eama u 2024. koje trebate znati Pro\u010ditaj vi\u0161e\" \/>\n<meta property=\"og:url\" content=\"https:\/\/14kat.com\/index.php\/blog\/\" \/>\n<meta property=\"og:site_name\" content=\"14kat\" \/>\n<meta property=\"article:modified_time\" content=\"2023-11-14T17:42:10+00:00\" \/>\n<meta property=\"og:image\" content=\"http:\/\/14kat.com\/wp-content\/uploads\/2023\/11\/pexels-pixabay-533446.jpg\" \/>\n<meta name=\"twitter:card\" content=\"summary_large_image\" \/>\n<script type=\"application\/ld+json\" class=\"yoast-schema-graph\">{\"@context\":\"https:\/\/schema.org\",\"@graph\":[{\"@type\":\"WebPage\",\"@id\":\"https:\/\/14kat.com\/index.php\/blog\/\",\"url\":\"https:\/\/14kat.com\/index.php\/blog\/\",\"name\":\"Blog - 14kat\",\"isPartOf\":{\"@id\":\"https:\/\/14kat.com\/#website\"},\"primaryImageOfPage\":{\"@id\":\"https:\/\/14kat.com\/index.php\/blog\/#primaryimage\"},\"image\":{\"@id\":\"https:\/\/14kat.com\/index.php\/blog\/#primaryimage\"},\"thumbnailUrl\":\"http:\/\/14kat.com\/wp-content\/uploads\/2023\/11\/pexels-pixabay-533446.jpg\",\"datePublished\":\"2023-11-13T16:08:58+00:00\",\"dateModified\":\"2023-11-14T17:42:10+00:00\",\"breadcrumb\":{\"@id\":\"https:\/\/14kat.com\/index.php\/blog\/#breadcrumb\"},\"inLanguage\":\"en-US\",\"potentialAction\":[{\"@type\":\"ReadAction\",\"target\":[\"https:\/\/14kat.com\/index.php\/blog\/\"]}]},{\"@type\":\"ImageObject\",\"inLanguage\":\"en-US\",\"@id\":\"https:\/\/14kat.com\/index.php\/blog\/#primaryimage\",\"url\":\"https:\/\/14kat.com\/wp-content\/uploads\/2023\/11\/pexels-pixabay-533446.jpg\",\"contentUrl\":\"https:\/\/14kat.com\/wp-content\/uploads\/2023\/11\/pexels-pixabay-533446.jpg\",\"width\":1920,\"height\":1080},{\"@type\":\"BreadcrumbList\",\"@id\":\"https:\/\/14kat.com\/index.php\/blog\/#breadcrumb\",\"itemListElement\":[{\"@type\":\"ListItem\",\"position\":1,\"name\":\"Home\",\"item\":\"https:\/\/14kat.com\/\"},{\"@type\":\"ListItem\",\"position\":2,\"name\":\"Blog\"}]},{\"@type\":\"WebSite\",\"@id\":\"https:\/\/14kat.com\/#website\",\"url\":\"https:\/\/14kat.com\/\",\"name\":\"14kat\",\"description\":\"Digitalni Marketing \",\"publisher\":{\"@id\":\"https:\/\/14kat.com\/#organization\"},\"potentialAction\":[{\"@type\":\"SearchAction\",\"target\":{\"@type\":\"EntryPoint\",\"urlTemplate\":\"https:\/\/14kat.com\/?s={search_term_string}\"},\"query-input\":{\"@type\":\"PropertyValueSpecification\",\"valueRequired\":true,\"valueName\":\"search_term_string\"}}],\"inLanguage\":\"en-US\"},{\"@type\":\"Organization\",\"@id\":\"https:\/\/14kat.com\/#organization\",\"name\":\"14kat\",\"url\":\"https:\/\/14kat.com\/\",\"logo\":{\"@type\":\"ImageObject\",\"inLanguage\":\"en-US\",\"@id\":\"https:\/\/14kat.com\/#\/schema\/logo\/image\/\",\"url\":\"http:\/\/14kat.com\/wp-content\/uploads\/2023\/11\/Brand-initial-Simple-Logo-5.png\",\"contentUrl\":\"http:\/\/14kat.com\/wp-content\/uploads\/2023\/11\/Brand-initial-Simple-Logo-5.png\",\"width\":500,\"height\":500,\"caption\":\"14kat\"},\"image\":{\"@id\":\"https:\/\/14kat.com\/#\/schema\/logo\/image\/\"}}]}<\/script>\n<!-- \/ Yoast SEO plugin. -->","yoast_head_json":{"title":"Blog - 14kat","robots":{"index":"index","follow":"follow","max-snippet":"max-snippet:-1","max-image-preview":"max-image-preview:large","max-video-preview":"max-video-preview:-1"},"canonical":"https:\/\/14kat.com\/index.php\/blog\/","og_locale":"en_US","og_type":"article","og_title":"Blog - 14kat","og_description":"13 Nov Blog 14kat.com Top 13 trendova na dru\u0161tvenim mre\u017eama u 2024. koje trebate znati Pro\u010ditaj vi\u0161e","og_url":"https:\/\/14kat.com\/index.php\/blog\/","og_site_name":"14kat","article_modified_time":"2023-11-14T17:42:10+00:00","og_image":[{"url":"http:\/\/14kat.com\/wp-content\/uploads\/2023\/11\/pexels-pixabay-533446.jpg","type":"","width":"","height":""}],"twitter_card":"summary_large_image","schema":{"@context":"https:\/\/schema.org","@graph":[{"@type":"WebPage","@id":"https:\/\/14kat.com\/index.php\/blog\/","url":"https:\/\/14kat.com\/index.php\/blog\/","name":"Blog - 14kat","isPartOf":{"@id":"https:\/\/14kat.com\/#website"},"primaryImageOfPage":{"@id":"https:\/\/14kat.com\/index.php\/blog\/#primaryimage"},"image":{"@id":"https:\/\/14kat.com\/index.php\/blog\/#primaryimage"},"thumbnailUrl":"http:\/\/14kat.com\/wp-content\/uploads\/2023\/11\/pexels-pixabay-533446.jpg","datePublished":"2023-11-13T16:08:58+00:00","dateModified":"2023-11-14T17:42:10+00:00","breadcrumb":{"@id":"https:\/\/14kat.com\/index.php\/blog\/#breadcrumb"},"inLanguage":"en-US","potentialAction":[{"@type":"ReadAction","target":["https:\/\/14kat.com\/index.php\/blog\/"]}]},{"@type":"ImageObject","inLanguage":"en-US","@id":"https:\/\/14kat.com\/index.php\/blog\/#primaryimage","url":"https:\/\/14kat.com\/wp-content\/uploads\/2023\/11\/pexels-pixabay-533446.jpg","contentUrl":"https:\/\/14kat.com\/wp-content\/uploads\/2023\/11\/pexels-pixabay-533446.jpg","width":1920,"height":1080},{"@type":"BreadcrumbList","@id":"https:\/\/14kat.com\/index.php\/blog\/#breadcrumb","itemListElement":[{"@type":"ListItem","position":1,"name":"Home","item":"https:\/\/14kat.com\/"},{"@type":"ListItem","position":2,"name":"Blog"}]},{"@type":"WebSite","@id":"https:\/\/14kat.com\/#website","url":"https:\/\/14kat.com\/","name":"14kat","description":"Digitalni Marketing ","publisher":{"@id":"https:\/\/14kat.com\/#organization"},"potentialAction":[{"@type":"SearchAction","target":{"@type":"EntryPoint","urlTemplate":"https:\/\/14kat.com\/?s={search_term_string}"},"query-input":{"@type":"PropertyValueSpecification","valueRequired":true,"valueName":"search_term_string"}}],"inLanguage":"en-US"},{"@type":"Organization","@id":"https:\/\/14kat.com\/#organization","name":"14kat","url":"https:\/\/14kat.com\/","logo":{"@type":"ImageObject","inLanguage":"en-US","@id":"https:\/\/14kat.com\/#\/schema\/logo\/image\/","url":"http:\/\/14kat.com\/wp-content\/uploads\/2023\/11\/Brand-initial-Simple-Logo-5.png","contentUrl":"http:\/\/14kat.com\/wp-content\/uploads\/2023\/11\/Brand-initial-Simple-Logo-5.png","width":500,"height":500,"caption":"14kat"},"image":{"@id":"https:\/\/14kat.com\/#\/schema\/logo\/image\/"}}]}},"_links":{"self":[{"href":"https:\/\/14kat.com\/index.php\/wp-json\/wp\/v2\/pages\/905","targetHints":{"allow":["GET"]}}],"collection":[{"href":"https:\/\/14kat.com\/index.php\/wp-json\/wp\/v2\/pages"}],"about":[{"href":"https:\/\/14kat.com\/index.php\/wp-json\/wp\/v2\/types\/page"}],"author":[{"embeddable":true,"href":"https:\/\/14kat.com\/index.php\/wp-json\/wp\/v2\/users\/1"}],"replies":[{"embeddable":true,"href":"https:\/\/14kat.com\/index.php\/wp-json\/wp\/v2\/comments?post=905"}],"version-history":[{"count":8,"href":"https:\/\/14kat.com\/index.php\/wp-json\/wp\/v2\/pages\/905\/revisions"}],"predecessor-version":[{"id":927,"href":"https:\/\/14kat.com\/index.php\/wp-json\/wp\/v2\/pages\/905\/revisions\/927"}],"wp:attachment":[{"href":"https:\/\/14kat.com\/index.php\/wp-json\/wp\/v2\/media?parent=905"}],"curies":[{"name":"wp","href":"https:\/\/api.w.org\/{rel}","templated":true}]}}