{"id":301,"date":"2021-07-20T15:43:51","date_gmt":"2021-07-20T15:43:51","guid":{"rendered":"https:\/\/bridge481.qodeinteractive.com\/?page_id=6"},"modified":"2024-07-02T13:19:14","modified_gmt":"2024-07-02T12:19:14","slug":"o-meni-2","status":"publish","type":"page","link":"https:\/\/14kat.com\/","title":{"rendered":"O nama"},"content":{"rendered":"\t\t<div data-elementor-type=\"wp-page\" data-elementor-id=\"301\" class=\"elementor elementor-301\">\n\t\t\t\t\t\t<section class=\"elementor-section elementor-top-section elementor-element elementor-element-59a8d9b elementor-section-full_width elementor-section-height-default elementor-section-height-default parallax_section_no qode_elementor_container_no\" data-id=\"59a8d9b\" data-element_type=\"section\">\n\t\t\t\t\t\t<div class=\"elementor-container elementor-column-gap-default\">\n\t\t\t\t\t<div class=\"elementor-column elementor-col-100 elementor-top-column elementor-element elementor-element-69e812b\" data-id=\"69e812b\" data-element_type=\"column\">\n\t\t\t<div class=\"elementor-widget-wrap elementor-element-populated\">\n\t\t\t\t\t\t<div class=\"elementor-element elementor-element-e5650da elementor-widget elementor-widget-slider_revolution\" data-id=\"e5650da\" data-element_type=\"widget\" data-widget_type=\"slider_revolution.default\">\n\t\t\t\t<div class=\"elementor-widget-container\">\n\t\t\t\t\t\n\t\t<div class=\"wp-block-themepunch-revslider\">\n\t\t\t<!-- START Home Slider REVOLUTION SLIDER 6.7.13 --><p class=\"rs-p-wp-fix\"><\/p>\n\t\t\t<rs-module-wrap id=\"rev_slider_1_1_wrapper\" data-source=\"gallery\" style=\"visibility:hidden;background:#ffea00;padding:0;\">\n\t\t\t\t<rs-module id=\"rev_slider_1_1\" style=\"\" data-version=\"6.7.13\">\n\t\t\t\t\t<rs-slides style=\"overflow: hidden; position: absolute;\">\n\t\t\t\t\t\t<rs-slide style=\"position: absolute;\" data-key=\"rs-1\" data-title=\"Slide\" data-in=\"o:0;\" data-out=\"a:false;\">\n\t\t\t\t\t\t\t<img decoding=\"async\" src=\"\/\/14kat.com\/wp-content\/plugins\/revslider\/sr6\/assets\/assets\/dummy.png\" alt=\"Slide\" title=\"O nama\" class=\"rev-slidebg tp-rs-img rs-lazyload\" data-lazyload=\"\/\/14kat.com\/wp-content\/plugins\/revslider\/sr6\/assets\/assets\/transparent.png\" data-bg=\"c:#ffea00;\" data-no-retina>\n<!--\n\t\t\t\t\t\t\t--><rs-layer\n\t\t\t\t\t\t\t\tid=\"slider-1-slide-1-layer-1\" \n\t\t\t\t\t\t\t\tdata-type=\"image\"\n\t\t\t\t\t\t\t\tdata-xy=\"x:r,l,c,c;xo:460px,635px,167px,86px;y:m;yo:7px,-53px,-165px,-104px;\"\n\t\t\t\t\t\t\t\tdata-text=\"l:22;a:inherit;\"\n\t\t\t\t\t\t\t\tdata-dim=\"w:762px,563px,660px,264px;h:501px,370px,434px,174px;\"\n\t\t\t\t\t\t\t\tdata-basealign=\"slide\"\n\t\t\t\t\t\t\t\tdata-rsp_o=\"off\"\n\t\t\t\t\t\t\t\tdata-rsp_bd=\"off\"\n\t\t\t\t\t\t\t\tdata-frame_0=\"sX:0.9;sY:0.9;\"\n\t\t\t\t\t\t\t\tdata-frame_1=\"e:power3.out;st:300;sp:800;sR:300;\"\n\t\t\t\t\t\t\t\tdata-frame_999=\"o:0;e:power3.in;st:w;sR:7900;\"\n\t\t\t\t\t\t\t\tstyle=\"z-index:7;\"\n\t\t\t\t\t\t\t><img fetchpriority=\"high\" decoding=\"async\" src=\"\/\/14kat.com\/wp-content\/plugins\/revslider\/sr6\/assets\/assets\/dummy.png\" alt=\"\" class=\"tp-rs-img rs-lazyload\" width=\"1125\" height=\"740\" data-lazyload=\"\/\/14kat.com\/wp-content\/uploads\/2024\/06\/Dizajn-bez-naslova-17.png\" data-no-retina> \n\t\t\t\t\t\t\t<\/rs-layer><!--\n\n\t\t\t\t\t\t\t--><rs-layer\n\t\t\t\t\t\t\t\tid=\"slider-1-slide-1-layer-2\" \n\t\t\t\t\t\t\t\tdata-type=\"text\"\n\t\t\t\t\t\t\t\tdata-color=\"#1b1b1b\"\n\t\t\t\t\t\t\t\tdata-xy=\"x:r;xo:14px,156px,253px,511px;y:t,t,m,t;yo:1px,-90px,-422px,-76px;\"\n\t\t\t\t\t\t\t\tdata-text=\"s:424,232,182,82;l:391;fw:500;a:inherit;\"\n\t\t\t\t\t\t\t\tdata-vbility=\"t,t,t,f\"\n\t\t\t\t\t\t\t\tdata-basealign=\"slide\"\n\t\t\t\t\t\t\t\tdata-rsp_o=\"off\"\n\t\t\t\t\t\t\t\tdata-rsp_bd=\"off\"\n\t\t\t\t\t\t\t\tdata-frame_0=\"x:50px;\"\n\t\t\t\t\t\t\t\tdata-frame_1=\"e:power3.in;st:600;sp:500;sR:600;\"\n\t\t\t\t\t\t\t\tdata-frame_999=\"o:0;st:w;sR:7900;\"\n\t\t\t\t\t\t\t\tstyle=\"z-index:6;font-family:'Work Sans';\"\n\t\t\t\t\t\t\t>kat \n\t\t\t\t\t\t\t<\/rs-layer><!--\n\n\t\t\t\t\t\t\t--><rs-layer\n\t\t\t\t\t\t\t\tid=\"slider-1-slide-1-layer-5\" \n\t\t\t\t\t\t\t\tdata-type=\"text\"\n\t\t\t\t\t\t\t\tdata-color=\"#1b1b1b\"\n\t\t\t\t\t\t\t\tdata-xy=\"x:c,l,l,c;xo:-535px,112px,232px,-46px;y:m;yo:14px,-3px,-213px,-49px;\"\n\t\t\t\t\t\t\t\tdata-text=\"s:155,140,75,78;l:140,167,113,159;fw:500;a:inherit;\"\n\t\t\t\t\t\t\t\tdata-dim=\"w:auto,auto,auto,231px;\"\n\t\t\t\t\t\t\t\tdata-basealign=\"slide\"\n\t\t\t\t\t\t\t\tdata-rsp_o=\"off\"\n\t\t\t\t\t\t\t\tdata-rsp_bd=\"off\"\n\t\t\t\t\t\t\t\tdata-frame_0=\"x:-62px,-92px,-92px,-130px;\"\n\t\t\t\t\t\t\t\tdata-frame_1=\"e:power3.out;st:1000;sp:500;sR:1000;\"\n\t\t\t\t\t\t\t\tdata-frame_999=\"o:0;e:power3.in;st:w;sR:7500;\"\n\t\t\t\t\t\t\t\tstyle=\"z-index:8;font-family:'Work Sans';\"\n\t\t\t\t\t\t\t>14kat \n\t\t\t\t\t\t\t<\/rs-layer><!--\n\n\t\t\t\t\t\t\t--><span\n\t\t\t\t\t\t\t\tid=\"slider-1-slide-1-layer-7\" \n\t\t\t\t\t\t\t\tclass=\"rs-layer\"\n\t\t\t\t\t\t\t\tdata-type=\"text\"\n\t\t\t\t\t\t\t\tdata-color=\"#000000||#1b1b1b||#1b1b1b||#1b1b1b\"\n\t\t\t\t\t\t\t\tdata-xy=\"x:c,l,l,c;xo:-338px,132px,233px,-10px;y:m;yo:105px,67px,-155px,-5px;\"\n\t\t\t\t\t\t\t\tdata-text=\"s:39,32,22,16;l:65;ls:-3px,-3px,-3px,-2px;a:inherit;\"\n\t\t\t\t\t\t\t\tdata-dim=\"w:auto,auto,443px,277px;\"\n\t\t\t\t\t\t\t\tdata-basealign=\"slide\"\n\t\t\t\t\t\t\t\tdata-rsp_o=\"off\"\n\t\t\t\t\t\t\t\tdata-rsp_bd=\"off\"\n\t\t\t\t\t\t\t\tdata-frame_0=\"x:-50px;\"\n\t\t\t\t\t\t\t\tdata-frame_1=\"e:power3.out;st:1200;sp:500;sR:1200;\"\n\t\t\t\t\t\t\t\tdata-frame_999=\"o:0;e:power3.in;st:w;sR:7300;\"\n\t\t\t\t\t\t\t\tstyle=\"z-index:9;font-family:'Work Sans';\"\n\t\t\t\t\t\t\t>Tamo gdje se kreativnost susre\u0107e sa strategijom \n\t\t\t\t\t\t\t<\/span><!--\n\n\t\t\t\t\t\t\t--><rs-layer\n\t\t\t\t\t\t\t\tid=\"slider-1-slide-1-layer-8\" \n\t\t\t\t\t\t\t\tdata-type=\"image\"\n\t\t\t\t\t\t\t\tdata-xy=\"x:c,l,l,c;xo:-677px,132px,232px,-116px;y:m;yo:199px,146px,-86px,36px;\"\n\t\t\t\t\t\t\t\tdata-text=\"l:22;a:inherit;\"\n\t\t\t\t\t\t\t\tdata-dim=\"w:94px,111px,127px,56px;h:80px,94px,108px,48px;\"\n\t\t\t\t\t\t\t\tdata-basealign=\"slide\"\n\t\t\t\t\t\t\t\tdata-rsp_o=\"off\"\n\t\t\t\t\t\t\t\tdata-rsp_bd=\"off\"\n\t\t\t\t\t\t\t\tdata-frame_0=\"x:-50px;\"\n\t\t\t\t\t\t\t\tdata-frame_1=\"e:power3.out;st:1400;sp:500;sR:1400;\"\n\t\t\t\t\t\t\t\tdata-frame_999=\"o:0;e:power3.in;st:w;sR:7100;\"\n\t\t\t\t\t\t\t\tstyle=\"z-index:10;\"\n\t\t\t\t\t\t\t><img decoding=\"async\" src=\"\/\/14kat.com\/wp-content\/plugins\/revslider\/sr6\/assets\/assets\/dummy.png\" alt=\"\" class=\"tp-rs-img rs-lazyload\" data-lazyload=\"\/\/bridge110.qodeinteractive.com\/wp-content\/uploads\/2017\/11\/Slider-10.png\" data-no-retina> \n\t\t\t\t\t\t\t<\/rs-layer><!--\n-->\t\t\t\t\t<\/rs-slide>\n\t\t\t\t\t<\/rs-slides>\n\t\t\t\t<\/rs-module>\n\t\t\t\t<script>\n\t\t\t\t\tsetREVStartSize({c: 'rev_slider_1_1',rl:[1240,1024,778,480],el:[868,768,960,420],gw:[1920,1441,1024,320],gh:[868,768,960,420],type:'hero',justify:'',layout:'fullscreen',offsetContainer:'',offset:'',mh:\"0\"});if (window.RS_MODULES!==undefined && window.RS_MODULES.modules!==undefined && window.RS_MODULES.modules[\"revslider11\"]!==undefined) {window.RS_MODULES.modules[\"revslider11\"].once = false;window.revapi1 = undefined;if (window.RS_MODULES.checkMinimal!==undefined) window.RS_MODULES.checkMinimal()}\n\t\t\t\t<\/script>\n\t\t\t<\/rs-module-wrap>\n\t\t\t<!-- END REVOLUTION SLIDER -->\n<\/div>\n\n\t\t\t\t\t\t<\/div>\n\t\t\t\t<\/div>\n\t\t\t\t\t<\/div>\n\t\t<\/div>\n\t\t\t\t\t<\/div>\n\t\t<\/section>\n\t\t<div class=\"elementor-element elementor-element-c5221bb e-flex e-con-boxed parallax_section_no qode_elementor_container_no e-con e-parent\" data-id=\"c5221bb\" data-element_type=\"container\">\n\t\t\t\t\t<div class=\"e-con-inner\">\n\t\t\t\t<div class=\"elementor-element elementor-element-dd11893 elementor-widget__width-initial elementor-widget-divider--view-line elementor-widget elementor-widget-divider\" data-id=\"dd11893\" data-element_type=\"widget\" data-widget_type=\"divider.default\">\n\t\t\t\t<div class=\"elementor-widget-container\">\n\t\t\t\t\t\t\t<div class=\"elementor-divider\">\n\t\t\t<span class=\"elementor-divider-separator\">\n\t\t\t\t\t\t<\/span>\n\t\t<\/div>\n\t\t\t\t\t\t<\/div>\n\t\t\t\t<\/div>\n\t\t\t\t\t<\/div>\n\t\t\t\t<\/div>\n\t\t<div class=\"elementor-element elementor-element-261fec3 e-flex e-con-boxed parallax_section_no qode_elementor_container_no e-con e-parent\" data-id=\"261fec3\" data-element_type=\"container\">\n\t\t\t\t\t<div class=\"e-con-inner\">\n\t\t\t\t<div class=\"elementor-element elementor-element-355c4b3 elementor-widget elementor-widget-slider_revolution\" data-id=\"355c4b3\" data-element_type=\"widget\" data-widget_type=\"slider_revolution.default\">\n\t\t\t\t<div class=\"elementor-widget-container\">\n\t\t\t\t\t\n\t\t<div class=\"wp-block-themepunch-revslider\"><script>console.log(\"Home page 2.slider: Please register the Slider Revolution plugin to use premium templates.\")<\/script>\n<\/div>\n\n\t\t\t\t\t\t<\/div>\n\t\t\t\t<\/div>\n\t\t\t\t\t<\/div>\n\t\t\t\t<\/div>\n\t\t<div class=\"elementor-element elementor-element-0f36ae3 e-flex e-con-boxed parallax_section_no qode_elementor_container_no e-con e-parent\" data-id=\"0f36ae3\" data-element_type=\"container\">\n\t\t\t\t\t<div class=\"e-con-inner\">\n\t\t\t\t<div class=\"elementor-element elementor-element-23cc02e elementor-widget-divider--view-line elementor-widget elementor-widget-divider\" data-id=\"23cc02e\" data-element_type=\"widget\" data-widget_type=\"divider.default\">\n\t\t\t\t<div class=\"elementor-widget-container\">\n\t\t\t\t\t\t\t<div class=\"elementor-divider\">\n\t\t\t<span class=\"elementor-divider-separator\">\n\t\t\t\t\t\t<\/span>\n\t\t<\/div>\n\t\t\t\t\t\t<\/div>\n\t\t\t\t<\/div>\n\t\t\t\t\t<\/div>\n\t\t\t\t<\/div>\n\t\t<div class=\"elementor-element elementor-element-bd37f91 e-con-full e-flex parallax_section_no qode_elementor_container_no e-con e-parent\" data-id=\"bd37f91\" data-element_type=\"container\">\n\t\t\t\t<div class=\"elementor-element elementor-element-4bd7230 elementor-widget elementor-widget-slider_revolution\" data-id=\"4bd7230\" data-element_type=\"widget\" data-widget_type=\"slider_revolution.default\">\n\t\t\t\t<div class=\"elementor-widget-container\">\n\t\t\t\t\t\n\t\t<div class=\"wp-block-themepunch-revslider\">\n\t\t\t<!-- START Home page 3.slider REVOLUTION SLIDER 6.7.13 --><p class=\"rs-p-wp-fix\"><\/p>\n\t\t\t<rs-module-wrap id=\"rev_slider_3_3_wrapper\" data-source=\"gallery\" style=\"visibility:hidden;background:transparent;padding:0;margin:0px auto;margin-top:0;margin-bottom:0;\">\n\t\t\t\t<rs-module id=\"rev_slider_3_3\" style=\"\" data-version=\"6.7.13\">\n\t\t\t\t\t<rs-slides style=\"overflow: hidden; position: absolute;\">\n\t\t\t\t\t\t<rs-slide style=\"position: absolute;\" data-key=\"rs-6\" data-title=\"Slide\" data-in=\"o:0;\" data-out=\"a:false;\">\n\t\t\t\t\t\t\t<img decoding=\"async\" src=\"\/\/14kat.com\/wp-content\/plugins\/revslider\/sr6\/assets\/assets\/dummy.png\" alt=\"Slide\" title=\"O nama\" class=\"rev-slidebg tp-rs-img rs-lazyload\" data-lazyload=\"\/\/14kat.com\/wp-content\/plugins\/revslider\/sr6\/assets\/assets\/transparent.png\" data-no-retina>\n<!--\n\t\t\t\t\t\t\t--><rs-layer\n\t\t\t\t\t\t\t\tid=\"slider-3-slide-6-layer-0\" \n\t\t\t\t\t\t\t\tdata-type=\"text\"\n\t\t\t\t\t\t\t\tdata-color=\"#000000\"\n\t\t\t\t\t\t\t\tdata-rsp_ch=\"on\"\n\t\t\t\t\t\t\t\tdata-xy=\"xo:55px,46px,32px,9px;yo:59px,45px,31px,22px;\"\n\t\t\t\t\t\t\t\tdata-text=\"w:normal;s:93,69,49,40;l:116,87,61,50;\"\n\t\t\t\t\t\t\t\tdata-dim=\"w:973px,730px,640px,305px;h:auto,auto,auto,140px;\"\n\t\t\t\t\t\t\t\tdata-basealign=\"slide\"\n\t\t\t\t\t\t\t\tdata-frame_1=\"e:circ.inOut;sp:1000;sR:10;\"\n\t\t\t\t\t\t\t\tdata-frame_999=\"o:0;st:w;sR:7990;\"\n\t\t\t\t\t\t\t\tstyle=\"z-index:5;font-family:'Roboto';\"\n\t\t\t\t\t\t\t>Rje\u0161avamo komunikacijske i poslovne izazove digitalnog doba. \n\t\t\t\t\t\t\t<\/rs-layer><!--\n-->\t\t\t\t\t<\/rs-slide>\n\t\t\t\t\t<\/rs-slides>\n\t\t\t\t<\/rs-module>\n\t\t\t\t<script>\n\t\t\t\t\tsetREVStartSize({c: 'rev_slider_3_3',rl:[1240,1024,778,480],el:[600,550,400,250],gw:[1920,1441,1024,320],gh:[600,550,400,250],type:'carousel',justify:'',layout:'fullwidth',mh:\"0\"});if (window.RS_MODULES!==undefined && window.RS_MODULES.modules!==undefined && window.RS_MODULES.modules[\"revslider33\"]!==undefined) {window.RS_MODULES.modules[\"revslider33\"].once = false;window.revapi3 = undefined;if (window.RS_MODULES.checkMinimal!==undefined) window.RS_MODULES.checkMinimal()}\n\t\t\t\t<\/script>\n\t\t\t<\/rs-module-wrap>\n\t\t\t<!-- END REVOLUTION SLIDER -->\n<\/div>\n\n\t\t\t\t\t\t<\/div>\n\t\t\t\t<\/div>\n\t\t\t\t<\/div>\n\t\t<div class=\"elementor-element elementor-element-1c39fcd e-flex e-con-boxed parallax_section_no qode_elementor_container_no e-con e-parent\" data-id=\"1c39fcd\" data-element_type=\"container\">\n\t\t\t\t\t<div class=\"e-con-inner\">\n\t\t\t\t<div class=\"elementor-element elementor-element-31248c3 elementor-widget-divider--view-line elementor-widget elementor-widget-divider\" data-id=\"31248c3\" data-element_type=\"widget\" data-widget_type=\"divider.default\">\n\t\t\t\t<div class=\"elementor-widget-container\">\n\t\t\t\t\t\t\t<div class=\"elementor-divider\">\n\t\t\t<span class=\"elementor-divider-separator\">\n\t\t\t\t\t\t<\/span>\n\t\t<\/div>\n\t\t\t\t\t\t<\/div>\n\t\t\t\t<\/div>\n\t\t\t\t\t<\/div>\n\t\t\t\t<\/div>\n\t\t<div class=\"elementor-element elementor-element-aae9309 e-flex e-con-boxed parallax_section_no qode_elementor_container_no e-con e-parent\" data-id=\"aae9309\" data-element_type=\"container\">\n\t\t\t\t\t<div class=\"e-con-inner\">\n\t\t\t\t<div class=\"elementor-element elementor-element-8305b93 elementor-widget elementor-widget-slider_revolution\" data-id=\"8305b93\" data-element_type=\"widget\" data-widget_type=\"slider_revolution.default\">\n\t\t\t\t<div class=\"elementor-widget-container\">\n\t\t\t\t\t\n\t\t<div class=\"wp-block-themepunch-revslider\"><script>console.log(\"Solar System Showcase Slider: Please register the Slider Revolution plugin to use premium templates.\")<\/script>\n<\/div>\n\n\t\t\t\t\t\t<\/div>\n\t\t\t\t<\/div>\n\t\t\t\t\t<\/div>\n\t\t\t\t<\/div>\n\t\t\t\t<\/div>\n\t\t","protected":false},"excerpt":{"rendered":"","protected":false},"author":1,"featured_media":864,"parent":0,"menu_order":0,"comment_status":"closed","ping_status":"closed","template":"","meta":{"footnotes":""},"class_list":["post-301","page","type-page","status-publish","has-post-thumbnail","hentry"],"yoast_head":"<!-- This site is optimized with the Yoast SEO plugin v25.4 - https:\/\/yoast.com\/wordpress\/plugins\/seo\/ -->\n<title>Digitalni Marketing - 14kat<\/title>\n<meta name=\"description\" content=\"Pozdrav sa 14. kata, naoru\u017eana tipkovnicama, laptopima i beskrajnom kreativno\u0161\u0107u, uska\u010dem u svijet gdje svaki dan predstavlja novi izazov.\" \/>\n<meta name=\"robots\" content=\"index, follow, max-snippet:-1, max-image-preview:large, max-video-preview:-1\" \/>\n<link rel=\"canonical\" href=\"https:\/\/14kat.com\/\" \/>\n<meta property=\"og:locale\" content=\"en_US\" \/>\n<meta property=\"og:type\" content=\"article\" \/>\n<meta property=\"og:title\" content=\"Digitalni Marketing - 14kat\" \/>\n<meta property=\"og:description\" content=\"Pozdrav sa 14. kata, naoru\u017eana tipkovnicama, laptopima i beskrajnom kreativno\u0161\u0107u, uska\u010dem u svijet gdje svaki dan predstavlja novi izazov.\" \/>\n<meta property=\"og:url\" content=\"https:\/\/14kat.com\/\" \/>\n<meta property=\"og:site_name\" content=\"14kat\" \/>\n<meta property=\"article:modified_time\" content=\"2024-07-02T12:19:14+00:00\" \/>\n<meta property=\"og:image\" content=\"http:\/\/14kat.com\/wp-content\/uploads\/2023\/11\/Brand-initial-Simple-Logo-5.png\" \/>\n\t<meta property=\"og:image:width\" content=\"500\" \/>\n\t<meta property=\"og:image:height\" content=\"500\" \/>\n\t<meta property=\"og:image:type\" content=\"image\/png\" \/>\n<meta name=\"twitter:card\" content=\"summary_large_image\" \/>\n<script type=\"application\/ld+json\" class=\"yoast-schema-graph\">{\"@context\":\"https:\/\/schema.org\",\"@graph\":[{\"@type\":\"WebPage\",\"@id\":\"https:\/\/14kat.com\/\",\"url\":\"https:\/\/14kat.com\/\",\"name\":\"Digitalni Marketing - 14kat\",\"isPartOf\":{\"@id\":\"https:\/\/14kat.com\/#website\"},\"primaryImageOfPage\":{\"@id\":\"https:\/\/14kat.com\/#primaryimage\"},\"image\":{\"@id\":\"https:\/\/14kat.com\/#primaryimage\"},\"thumbnailUrl\":\"https:\/\/14kat.com\/wp-content\/uploads\/2023\/11\/Brand-initial-Simple-Logo-5.png\",\"datePublished\":\"2021-07-20T15:43:51+00:00\",\"dateModified\":\"2024-07-02T12:19:14+00:00\",\"description\":\"Pozdrav sa 14. kata, naoru\u017eana tipkovnicama, laptopima i beskrajnom kreativno\u0161\u0107u, uska\u010dem u svijet gdje svaki dan predstavlja novi izazov.\",\"breadcrumb\":{\"@id\":\"https:\/\/14kat.com\/#breadcrumb\"},\"inLanguage\":\"en-US\",\"potentialAction\":[{\"@type\":\"ReadAction\",\"target\":[\"https:\/\/14kat.com\/\"]}]},{\"@type\":\"ImageObject\",\"inLanguage\":\"en-US\",\"@id\":\"https:\/\/14kat.com\/#primaryimage\",\"url\":\"https:\/\/14kat.com\/wp-content\/uploads\/2023\/11\/Brand-initial-Simple-Logo-5.png\",\"contentUrl\":\"https:\/\/14kat.com\/wp-content\/uploads\/2023\/11\/Brand-initial-Simple-Logo-5.png\",\"width\":500,\"height\":500},{\"@type\":\"BreadcrumbList\",\"@id\":\"https:\/\/14kat.com\/#breadcrumb\",\"itemListElement\":[{\"@type\":\"ListItem\",\"position\":1,\"name\":\"Home\",\"item\":\"https:\/\/14kat.com\/\"},{\"@type\":\"ListItem\",\"position\":2,\"name\":\"O nama\"}]},{\"@type\":\"WebSite\",\"@id\":\"https:\/\/14kat.com\/#website\",\"url\":\"https:\/\/14kat.com\/\",\"name\":\"14kat\",\"description\":\"Digitalni Marketing \",\"publisher\":{\"@id\":\"https:\/\/14kat.com\/#organization\"},\"potentialAction\":[{\"@type\":\"SearchAction\",\"target\":{\"@type\":\"EntryPoint\",\"urlTemplate\":\"https:\/\/14kat.com\/?s={search_term_string}\"},\"query-input\":{\"@type\":\"PropertyValueSpecification\",\"valueRequired\":true,\"valueName\":\"search_term_string\"}}],\"inLanguage\":\"en-US\"},{\"@type\":\"Organization\",\"@id\":\"https:\/\/14kat.com\/#organization\",\"name\":\"14kat\",\"url\":\"https:\/\/14kat.com\/\",\"logo\":{\"@type\":\"ImageObject\",\"inLanguage\":\"en-US\",\"@id\":\"https:\/\/14kat.com\/#\/schema\/logo\/image\/\",\"url\":\"http:\/\/14kat.com\/wp-content\/uploads\/2023\/11\/Brand-initial-Simple-Logo-5.png\",\"contentUrl\":\"http:\/\/14kat.com\/wp-content\/uploads\/2023\/11\/Brand-initial-Simple-Logo-5.png\",\"width\":500,\"height\":500,\"caption\":\"14kat\"},\"image\":{\"@id\":\"https:\/\/14kat.com\/#\/schema\/logo\/image\/\"}}]}<\/script>\n<!-- \/ Yoast SEO plugin. -->","yoast_head_json":{"title":"Digitalni Marketing - 14kat","description":"Pozdrav sa 14. kata, naoru\u017eana tipkovnicama, laptopima i beskrajnom kreativno\u0161\u0107u, uska\u010dem u svijet gdje svaki dan predstavlja novi izazov.","robots":{"index":"index","follow":"follow","max-snippet":"max-snippet:-1","max-image-preview":"max-image-preview:large","max-video-preview":"max-video-preview:-1"},"canonical":"https:\/\/14kat.com\/","og_locale":"en_US","og_type":"article","og_title":"Digitalni Marketing - 14kat","og_description":"Pozdrav sa 14. kata, naoru\u017eana tipkovnicama, laptopima i beskrajnom kreativno\u0161\u0107u, uska\u010dem u svijet gdje svaki dan predstavlja novi izazov.","og_url":"https:\/\/14kat.com\/","og_site_name":"14kat","article_modified_time":"2024-07-02T12:19:14+00:00","og_image":[{"width":500,"height":500,"url":"http:\/\/14kat.com\/wp-content\/uploads\/2023\/11\/Brand-initial-Simple-Logo-5.png","type":"image\/png"}],"twitter_card":"summary_large_image","schema":{"@context":"https:\/\/schema.org","@graph":[{"@type":"WebPage","@id":"https:\/\/14kat.com\/","url":"https:\/\/14kat.com\/","name":"Digitalni Marketing - 14kat","isPartOf":{"@id":"https:\/\/14kat.com\/#website"},"primaryImageOfPage":{"@id":"https:\/\/14kat.com\/#primaryimage"},"image":{"@id":"https:\/\/14kat.com\/#primaryimage"},"thumbnailUrl":"https:\/\/14kat.com\/wp-content\/uploads\/2023\/11\/Brand-initial-Simple-Logo-5.png","datePublished":"2021-07-20T15:43:51+00:00","dateModified":"2024-07-02T12:19:14+00:00","description":"Pozdrav sa 14. kata, naoru\u017eana tipkovnicama, laptopima i beskrajnom kreativno\u0161\u0107u, uska\u010dem u svijet gdje svaki dan predstavlja novi izazov.","breadcrumb":{"@id":"https:\/\/14kat.com\/#breadcrumb"},"inLanguage":"en-US","potentialAction":[{"@type":"ReadAction","target":["https:\/\/14kat.com\/"]}]},{"@type":"ImageObject","inLanguage":"en-US","@id":"https:\/\/14kat.com\/#primaryimage","url":"https:\/\/14kat.com\/wp-content\/uploads\/2023\/11\/Brand-initial-Simple-Logo-5.png","contentUrl":"https:\/\/14kat.com\/wp-content\/uploads\/2023\/11\/Brand-initial-Simple-Logo-5.png","width":500,"height":500},{"@type":"BreadcrumbList","@id":"https:\/\/14kat.com\/#breadcrumb","itemListElement":[{"@type":"ListItem","position":1,"name":"Home","item":"https:\/\/14kat.com\/"},{"@type":"ListItem","position":2,"name":"O nama"}]},{"@type":"WebSite","@id":"https:\/\/14kat.com\/#website","url":"https:\/\/14kat.com\/","name":"14kat","description":"Digitalni Marketing ","publisher":{"@id":"https:\/\/14kat.com\/#organization"},"potentialAction":[{"@type":"SearchAction","target":{"@type":"EntryPoint","urlTemplate":"https:\/\/14kat.com\/?s={search_term_string}"},"query-input":{"@type":"PropertyValueSpecification","valueRequired":true,"valueName":"search_term_string"}}],"inLanguage":"en-US"},{"@type":"Organization","@id":"https:\/\/14kat.com\/#organization","name":"14kat","url":"https:\/\/14kat.com\/","logo":{"@type":"ImageObject","inLanguage":"en-US","@id":"https:\/\/14kat.com\/#\/schema\/logo\/image\/","url":"http:\/\/14kat.com\/wp-content\/uploads\/2023\/11\/Brand-initial-Simple-Logo-5.png","contentUrl":"http:\/\/14kat.com\/wp-content\/uploads\/2023\/11\/Brand-initial-Simple-Logo-5.png","width":500,"height":500,"caption":"14kat"},"image":{"@id":"https:\/\/14kat.com\/#\/schema\/logo\/image\/"}}]}},"_links":{"self":[{"href":"https:\/\/14kat.com\/index.php\/wp-json\/wp\/v2\/pages\/301","targetHints":{"allow":["GET"]}}],"collection":[{"href":"https:\/\/14kat.com\/index.php\/wp-json\/wp\/v2\/pages"}],"about":[{"href":"https:\/\/14kat.com\/index.php\/wp-json\/wp\/v2\/types\/page"}],"author":[{"embeddable":true,"href":"https:\/\/14kat.com\/index.php\/wp-json\/wp\/v2\/users\/1"}],"replies":[{"embeddable":true,"href":"https:\/\/14kat.com\/index.php\/wp-json\/wp\/v2\/comments?post=301"}],"version-history":[{"count":36,"href":"https:\/\/14kat.com\/index.php\/wp-json\/wp\/v2\/pages\/301\/revisions"}],"predecessor-version":[{"id":1225,"href":"https:\/\/14kat.com\/index.php\/wp-json\/wp\/v2\/pages\/301\/revisions\/1225"}],"wp:featuredmedia":[{"embeddable":true,"href":"https:\/\/14kat.com\/index.php\/wp-json\/wp\/v2\/media\/864"}],"wp:attachment":[{"href":"https:\/\/14kat.com\/index.php\/wp-json\/wp\/v2\/media?parent=301"}],"curies":[{"name":"wp","href":"https:\/\/api.w.org\/{rel}","templated":true}]}}